{"id":874,"date":"2026-01-20T21:41:58","date_gmt":"2026-01-20T12:41:58","guid":{"rendered":"https:\/\/takpa-en.com\/us\/?page_id=874"},"modified":"2026-01-20T21:42:00","modified_gmt":"2026-01-20T12:42:00","slug":"photography-videography-services-%e6%97%a5%e6%9c%ac%e8%aa%9e","status":"publish","type":"page","link":"https:\/\/takpa-en.com\/us\/?page_id=874&lang=ja","title":{"rendered":"Photography &amp; Videography Services -\u65e5\u672c\u8a9e"},"content":{"rendered":"\n<div class=\"arkb-section--2 alignfull ark-block-section arkp-scPageMV01\" data-height=\"content\" data-inner=\"full\"><div class=\"ark-block-section__color arkb-absLayer\" style=\"background-color:#3b6deb;opacity:1.00\"><\/div><div class=\"ark-block-section__body\" data-content=\"center-left\"><div class=\"ark-block-section__bodyInner ark-keep-mt\">\n<div class=\"arkb-container--1 ark-block-container has-inner has-inner\" data-flex=\"vertical\"><div class=\"ark-block-container__inner\">\n<p class=\"arkp-scPageMV01__message has-xlarge-font-size\"><span style=\"text-decoration: underline;\"><strong>SNS\u3067\u6ce8\u76ee\u3092\u96c6\u3081\u308b<\/strong><\/span><br><span style=\"text-decoration: underline;\"><strong>\u6226\u7565\u7684\u30d3\u30b8\u30e5\u30a2\u30eb\u30b3\u30f3\u30c6\u30f3\u30c4<\/strong><\/span><\/p>\n\n\n\n<p class=\"arkp-scPageMV01__message\" style=\"font-size:2.38rem\"><strong>\u5199\u771f\u30fb\u52d5\u753b\u5236\u4f5c\u30b5\u30fc\u30d3\u30b9<\/strong><\/p>\n\n\n\n<blockquote class=\"wp-block-quote is-layout-flow wp-block-quote-is-layout-flow\">\n<p class=\"has-ark-bg-color has-text-color has-link-color wp-elements-57355fd71b0e702ca740ca78f20612b7\">\u305f\u3060\u306e\u201c\u6620\u3048\u201d\u3067\u306f\u306a\u304f\u3001SNS\u306b\u5f37\u3044\u30d7\u30ed\u306e\u30af\u30ea\u30a8\u30a4\u30bf\u30fc\u304c\u3001<br>\u30d6\u30e9\u30f3\u30c9\u3092\u5f15\u304d\u7acb\u3066\u30aa\u30fc\u30c7\u30a3\u30a8\u30f3\u30b9\u3092\u60f9\u304d\u3064\u3051\u308b\u3053\u3068\u3067\u3001<br>\u78ba\u304b\u306a\u30a8\u30f3\u30b2\u30fc\u30b8\u30e1\u30f3\u30c8\u306b\u3064\u306a\u304c\u308b\u5370\u8c61\u7684\u306a\u30d3\u30b8\u30e5\u30a2\u30eb\u3092\u5236\u4f5c\u3057\u307e\u3059\u3002<\/p>\n<\/blockquote>\n<\/div><\/div>\n\n\n\n<figure class=\"wp-block-image size-large is-resized\"><img loading=\"lazy\" decoding=\"async\" width=\"1024\" height=\"1024\" src=\"https:\/\/takpa-en.com\/wp-content\/uploads\/2025\/07\/Focus-bro-1024x1024.png\" alt=\"\" class=\"wp-image-658\" style=\"aspect-ratio:1;object-fit:contain;width:auto;height:500px\" srcset=\"https:\/\/takpa-en.com\/us\/wp-content\/uploads\/2025\/07\/Focus-bro-1024x1024.png 1024w, https:\/\/takpa-en.com\/us\/wp-content\/uploads\/2025\/07\/Focus-bro-300x300.png 300w, https:\/\/takpa-en.com\/us\/wp-content\/uploads\/2025\/07\/Focus-bro-150x150.png 150w, https:\/\/takpa-en.com\/us\/wp-content\/uploads\/2025\/07\/Focus-bro-768x768.png 768w, https:\/\/takpa-en.com\/us\/wp-content\/uploads\/2025\/07\/Focus-bro-1536x1536.png 1536w, https:\/\/takpa-en.com\/us\/wp-content\/uploads\/2025\/07\/Focus-bro.png 2000w\" sizes=\"auto, (max-width: 1024px) 100vw, 1024px\" \/><\/figure>\n<\/div><\/div><\/div>\n\n\n\n\n\n<div class=\"arkb-section--5 alignfull ark-block-section arkp-gnButton01\" data-height=\"content\" data-inner=\"full\"><div class=\"ark-block-section__color arkb-absLayer\" style=\"background-color:#f7f7f7;opacity:1.00\"><\/div><div class=\"ark-block-section__body\" data-content=\"center-left\"><div class=\"ark-block-section__bodyInner ark-keep-mt\">\n<div class=\"arkb-buttons--4 ark-block-buttons\" data-orientation=\"horizontal\">\n<div class=\"arkb-button--3 ark-block-button is-btn-fill\" data-has-width=\"true\" data-hover=\"float\" style=\"--arkb-btn-color--bg:#008c59;--arkb-btn-radius:0px\"><a href=\"https:\/\/takpa-en.com\/us\/?page_id=16\" class=\"ark-block-button__link\" data-has-icon=\"1\"><svg class=\"ark-block-button__icon -left\" height=\"1em\" width=\"1em\" xmlns=\"http:\/\/www.w3.org\/2000\/svg\" aria-hidden=\"true\" data-icon=\"LsChats\" viewBox=\"0 0 48 48\"><path d=\"M19 2.3C9.1 2.3 1 9.7 1 18.7c0 3.5 1.2 6.7 3.3 9.4l-1.5 6.3c-.2.8.6 1.5 1.4 1.1l6-2.6c2.6 1.3 5.6 2.1 8.8 2.1 9.9 0 18-7.3 18-16.4 0-8.9-8.1-16.3-18-16.3z\"><\/path><path d=\"M43.7 38.1c2.1-2.7 3.3-5.9 3.3-9.4 0-9-8.1-16.4-18-16.4s-18 7.3-18 16.4c0 9 8.1 16.4 18 16.4 3.2 0 6.2-.8 8.8-2.1l6 2.6c.8.3 1.6-.3 1.4-1.1l-1.5-6.4zM15 28.7c0-6.8 6.3-12.4 14-12.4s14 5.5 14 12.4-6.3 12.4-14 12.4-14-5.6-14-12.4z\"><\/path><\/svg><span class=\"ark-block-button__text\"><strong>\u307e\u305a\u306f\u7121\u6599\u3067\u76f8\u8ac7\u3059\u308b<\/strong><\/span><\/a><\/div>\n<\/div>\n<\/div><\/div><\/div>\n\n\n\n\n\n<div class=\"arkb-section--7 ark-block-section arkp-gnSec17\" data-height=\"content\" data-inner=\"full\"><div class=\"ark-block-section__color arkb-absLayer\" style=\"background-color:#f7f7f7;opacity:1.00\"><\/div><div class=\"ark-block-section__body\" data-content=\"center-left\"><div class=\"ark-block-section__bodyInner ark-keep-mt\">\n<div class=\"ark-block-heading\" data-sub=\"bottom\"><h2 class=\"ark-block-heading__main\">\u3053\u3093\u306a\u65b9\u306b\u304a\u3059\u3059\u3081<\/h2><div class=\"ark-block-heading__sub\"><\/div><\/div>\n\n\n\n<div class=\"ark-block-container ark-keep-mt arkp-gnSec17__body\">\n<div class=\"ark-block-container ark-keep-mt arkp-gnSec17__body\">\n<div class=\"arkb-columns--6 ark-block-columns arkp-scMemberList01\"><div class=\"ark-block-columns__inner\">\n<div class=\"ark-block-column ark-keep-mt--s\">\n<figure class=\"wp-block-image size-full is-resized is-style-vk-image-circle\"><img loading=\"lazy\" decoding=\"async\" width=\"780\" height=\"583\" src=\"https:\/\/takpa-en.com\/wp-content\/uploads\/2025\/07\/17623_paint.png\" alt=\"\" class=\"wp-image-676\" style=\"aspect-ratio:1;object-fit:contain;width:180px\" srcset=\"https:\/\/takpa-en.com\/us\/wp-content\/uploads\/2025\/07\/17623_paint.png 780w, https:\/\/takpa-en.com\/us\/wp-content\/uploads\/2025\/07\/17623_paint-300x224.png 300w, https:\/\/takpa-en.com\/us\/wp-content\/uploads\/2025\/07\/17623_paint-768x574.png 768w\" sizes=\"auto, (max-width: 780px) 100vw, 780px\" \/><\/figure>\n\n\n\n<div class=\"ark-block-container ark-keep-mt arkp-scMemberList01__itemBody\">\n<p class=\"arkp-scMemberList01__itemDesc has-black-color has-text-color has-link-color has-normal-font-size wp-elements-bea8cf1f4880f60ac19d13e1bed0dbb8\"><strong>SNS\u3092\u901a\u3058\u3066\u30d6\u30e9\u30f3\u30c9\u3084\u500b\u6027\u3092\u8868\u73fe\u3057\u305f\u3044\u30d6\u30e9\u30f3\u30c9\u30fb\u30af\u30ea\u30a8\u30a4\u30bf\u30fc<\/strong><\/p>\n<\/div>\n<\/div>\n\n\n\n<div class=\"ark-block-column ark-keep-mt--s\">\n<figure class=\"wp-block-image size-full is-resized\"><img loading=\"lazy\" decoding=\"async\" width=\"822\" height=\"626\" src=\"https:\/\/takpa-en.com\/wp-content\/uploads\/2025\/07\/15896_paint.png\" alt=\"\" class=\"wp-image-680\" style=\"aspect-ratio:1;object-fit:contain;width:180px\" srcset=\"https:\/\/takpa-en.com\/us\/wp-content\/uploads\/2025\/07\/15896_paint.png 822w, https:\/\/takpa-en.com\/us\/wp-content\/uploads\/2025\/07\/15896_paint-300x228.png 300w, https:\/\/takpa-en.com\/us\/wp-content\/uploads\/2025\/07\/15896_paint-768x585.png 768w\" sizes=\"auto, (max-width: 822px) 100vw, 822px\" \/><\/figure>\n\n\n\n<div class=\"ark-block-container ark-keep-mt arkp-scMemberList01__itemBody\">\n<p class=\"arkp-scMemberList01__itemDesc has-black-color has-text-color has-link-color has-normal-font-size wp-elements-4ef68356e20dfce6792b655157da2443\"><strong>\u5546\u54c1\u3001\u30e1\u30cb\u30e5\u30fc\u3001\u5e97\u8217\u7a7a\u9593\u306a\u3069\u3092\u9b45\u529b\u7684\u306b\u898b\u305b\u305f\u3044\u30d3\u30b8\u30cd\u30b9<\/strong><\/p>\n<\/div>\n<\/div>\n\n\n\n<div class=\"ark-block-column ark-keep-mt--s\">\n<figure class=\"wp-block-image size-full is-resized\"><img loading=\"lazy\" decoding=\"async\" width=\"800\" height=\"555\" src=\"https:\/\/takpa-en.com\/wp-content\/uploads\/2025\/07\/9161_paint.png\" alt=\"\" class=\"wp-image-679\" style=\"aspect-ratio:1;object-fit:contain;width:180px\" srcset=\"https:\/\/takpa-en.com\/us\/wp-content\/uploads\/2025\/07\/9161_paint.png 800w, https:\/\/takpa-en.com\/us\/wp-content\/uploads\/2025\/07\/9161_paint-300x208.png 300w, https:\/\/takpa-en.com\/us\/wp-content\/uploads\/2025\/07\/9161_paint-768x533.png 768w\" sizes=\"auto, (max-width: 800px) 100vw, 800px\" \/><\/figure>\n\n\n\n<div class=\"ark-block-container ark-keep-mt arkp-scMemberList01__itemBody\">\n<p class=\"arkp-scMemberList01__itemDesc has-black-color has-text-color has-link-color has-normal-font-size wp-elements-46eeddb6471b83e1c9ed5b28addb4242\"><strong>\u898b\u305f\u76ee\u306e\u7f8e\u3057\u3055\u306b\u52a0\u3048\u3066\u3001\u30a8\u30f3\u30b2\u30fc\u30b8\u30e1\u30f3\u30c8\u5411\u4e0a\u306b\u3064\u306a\u304c\u308b\u9ad8\u54c1\u8cea\u306a\u30d3\u30b8\u30e5\u30a2\u30eb\u304c\u5fc5\u8981\u306a\u65b9<\/strong><\/p>\n<\/div>\n<\/div>\n<\/div><\/div>\n\n\n<\/div>\n<\/div>\n<\/div><\/div><\/div>\n\n\n\n\n\n<div class=\"alignfull ark-block-section arkp-scFeatureList04\" data-height=\"content\"><div class=\"ark-block-section__color arkb-absLayer\" style=\"background-color:var(--ark-color--bg);opacity:1.00\"><\/div><div class=\"ark-block-section__body\" data-content=\"center-left\"><div class=\"ark-block-section__bodyInner ark-keep-mt\">\n<div class=\"ark-block-heading\" data-sub=\"top\"><div class=\"ark-block-heading__sub\"><\/div><h2 class=\"ark-block-heading__main\">takpa\u304c\u9078\u3070\u308c\u308b\u7406\u7531<\/h2><span class=\"ark-block-heading__line\"><\/span><\/div>\n\n\n\n<p class=\"has-text-align-center\">Instagram\u3084RED\uff08\u5c0f\u7d05\u66f8\uff09\u306a\u3069\u306eSNS\u30d7\u30e9\u30c3\u30c8\u30d5\u30a9\u30fc\u30e0\u3067\u306f\u3001<br>\u5199\u771f\u30fb\u52d5\u753b\u306e\u30af\u30aa\u30ea\u30c6\u30a3\u304c\u30a2\u30ab\u30a6\u30f3\u30c8\u306e\u5370\u8c61\u3084\u6210\u679c\u306b\u76f4\u7d50\u3057\u307e\u3059\u3002<\/p>\n\n\n\n<p class=\"has-text-align-center\">\u305f\u3060\u3057\u30d3\u30b8\u30e5\u30a2\u30eb\u3055\u3048\u826f\u3051\u308c\u3070\u6210\u529f\u3059\u308b\u3068\u3044\u3046\u308f\u3051\u3067\u3082\u306a\u3044\u306e\u304c\u4e8b\u5b9f\u3067\u3059\u3002<br>\u30a2\u30eb\u30b4\u30ea\u30ba\u30e0\u3092\u7406\u89e3\u3057\u3001\u7d4c\u9a13\u306b\u57fa\u3065\u3044\u305f\u67d4\u8edf\u6027\u306e\u3042\u308b\u904b\u7528\u304c\u91cd\u8981\u306b\u306a\u3063\u3066\u304d\u307e\u3059\u3002<\/p>\n\n\n\n<p class=\"has-text-align-center\">takpa\u3067\u306fSNS\u30d7\u30e9\u30c3\u30c8\u30d5\u30a9\u30fc\u30e0\u3078\u306e\u77e5\u898b\u3068\u78ba\u304b\u306a\u904b\u7528\u5b9f\u7e3e\u304b\u3089\u3001<br><span data-color=\"#fcb900\" style=\"--vk-highlighter-color: rgba(252, 185, 0, 0.7);\" class=\"vk_highlighter\">\u7f8e\u3057\u3044\u3060\u3051\u3067\u306a\u304f\u3001\u6210\u679c\u3092\u51fa\u3059\u3053\u3068\u3092\u76ee\u7684\u306b\u8a2d\u8a08\u3055\u308c\u305f\u30d3\u30b8\u30e5\u30a2\u30eb\u3092\u63d0\u4f9b<\/span>\u3057\u3066\u3044\u307e\u3059\u3002<\/p>\n\n\n\n<p class=\"has-text-align-center\">\u5236\u4f5c\u304c\u521d\u3081\u3066\u306e\u65b9\u3082\u3054\u5b89\u5fc3\u304f\u3060\u3055\u3044\u3002<br>\u4e8b\u524d\u306e\u6253\u3061\u5408\u308f\u305b\u304b\u3089\u30af\u30ea\u30a8\u30a4\u30c6\u30a3\u30d6\u30d7\u30e9\u30f3\u30cb\u30f3\u30b0\u3001\u73fe\u5834\u3067\u306e\u30c7\u30a3\u30ec\u30af\u30b7\u30e7\u30f3\u307e\u3067\u3001<br>takpa\u30c1\u30fc\u30e0\u304c\u4e01\u5be7\u306b\u30b5\u30dd\u30fc\u30c8\u81f4\u3057\u307e\u3059\u3002<\/p>\n\n\n\n<div class=\"ark-block-heading\" data-sub=\"bottom\" id=\"services\"><h2 class=\"ark-block-heading__main\"><strong>\u6599\u91d1<\/strong>\u8868<\/h2><span class=\"ark-block-heading__line\"><\/span><div class=\"ark-block-heading__sub\"><\/div><\/div>\n\n\n\n<div class=\"arkb-section--8 ark-block-section arkp-gnSec17\" data-height=\"content\" data-inner=\"full\"><div class=\"ark-block-section__color arkb-absLayer\" style=\"background-color:#f7f7f7;opacity:1.00\"><\/div><div class=\"ark-block-section__body\" data-content=\"center-left\"><div class=\"ark-block-section__bodyInner ark-keep-mt\">\n<div class=\"ark-block-heading\" data-sub=\"bottom\"><h2 class=\"ark-block-heading__main\">\u30b9\u30bf\u30f3\u30c0\u30fc\u30c9\u30d7\u30e9\u30f3<\/h2><div class=\"ark-block-heading__sub\"><\/div><\/div>\n\n\n\n<div class=\"ark-block-container ark-keep-mt arkp-gnSec17__body\">\n<p class=\"has-text-align-center __priceTxt has-large-font-size\"><strong>$<span class=\"arkb-fz arkb-fz-xl\">650<\/span><\/strong> \/\u6708<\/p>\n\n\n\n<p class=\"has-text-align-center arkp-scPriceTbl01__detailLbl\"><strong>\u30d7\u30e9\u30f3\u8a73\u7d30<\/strong><\/p>\n\n\n\n<p class=\"has-text-align-center arkp-scPriceTbl01__detailLbl\">\u30fb\uff13\u6642\u9593\u306e\u5199\u771f\u30fb\u52d5\u753b\u64ae\u5f71<br>\u30fb\u4ea4\u901a\u8cbb\u30fb\u6a5f\u6750\u8cbb\u8fbc\u307f<br>\u30fb\u30d7\u30ed\u306b\u3088\u308b\u30ec\u30bf\u30c3\u30c1<\/p>\n\n\n\n<p><strong>\u7279\u5225\u4fa1\u683c:<\/strong><br>\u5f0a\u793e\u306eSNS\u30de\u30fc\u30b1\u30c6\u30a3\u30f3\u30b0\u30b5\u30fc\u30d3\u30b9\u3092\u3054\u6d3b\u7528\u306e\u5834\u5408\u306f\u3001$500 \/\u6708\u3067\u3054\u5229\u7528\u3044\u305f\u3060\u3051\u307e\u3059\u3002<\/p>\n<\/div>\n<\/div><\/div><\/div>\n\n\n<\/div><\/div><\/div>\n\n\n\n<div class=\"ark-block-heading\" data-sub=\"top\" id=\"inquiry\"><div class=\"ark-block-heading__sub\"><\/div><h2 class=\"ark-block-heading__main\"><strong>\u304a\u554f\u3044\u5408\u308f\u305b<\/strong><\/h2><span class=\"ark-block-heading__line\"><\/span><\/div>\n\n\n\n<div class=\"wp-block-contact-form-7-contact-form-selector\">\n<div class=\"wpcf7 no-js\" id=\"wpcf7-f26-o1\" lang=\"ja\" dir=\"ltr\" data-wpcf7-id=\"26\">\n<div class=\"screen-reader-response\"><p role=\"status\" aria-live=\"polite\" aria-atomic=\"true\"><\/p> <ul><\/ul><\/div>\n<form action=\"\/us\/index.php?rest_route=%2Fwp%2Fv2%2Fpages%2F874#wpcf7-f26-o1\" method=\"post\" class=\"wpcf7-form init\" aria-label=\"\u30b3\u30f3\u30bf\u30af\u30c8\u30d5\u30a9\u30fc\u30e0\" novalidate=\"novalidate\" data-status=\"init\">\n<fieldset class=\"hidden-fields-container\"><input type=\"hidden\" name=\"_wpcf7\" value=\"26\" \/><input type=\"hidden\" name=\"_wpcf7_version\" value=\"6.1.5\" \/><input type=\"hidden\" name=\"_wpcf7_locale\" value=\"ja\" \/><input type=\"hidden\" name=\"_wpcf7_unit_tag\" value=\"wpcf7-f26-o1\" \/><input type=\"hidden\" name=\"_wpcf7_container_post\" value=\"0\" \/><input type=\"hidden\" name=\"_wpcf7_posted_data_hash\" value=\"\" \/><input type=\"hidden\" name=\"_wpcf7_recaptcha_response\" value=\"\" \/>\n<\/fieldset>\n<table class=\"CF7_table\">\n\t<tr>\n\t\t<th>\n\t\t\t<p><span class=\"CF7_req\">Required<\/span> Inquiry Type\n\t\t\t<\/p>\n\t\t<\/th>\n\t\t<td>\n\t\t\t<p><span class=\"wpcf7-form-control-wrap\" data-name=\"checkbox-inq\"><span class=\"wpcf7-form-control wpcf7-checkbox wpcf7-validates-as-required\"><span class=\"wpcf7-list-item first\"><input type=\"checkbox\" name=\"checkbox-inq[]\" value=\"Consultation\" \/><span class=\"wpcf7-list-item-label\">Consultation<\/span><\/span><span class=\"wpcf7-list-item\"><input type=\"checkbox\" name=\"checkbox-inq[]\" value=\"Quote Request\" \/><span class=\"wpcf7-list-item-label\">Quote Request<\/span><\/span><span class=\"wpcf7-list-item\"><input type=\"checkbox\" name=\"checkbox-inq[]\" value=\"Considering Our Services\" \/><span class=\"wpcf7-list-item-label\">Considering Our Services<\/span><\/span><span class=\"wpcf7-list-item\"><input type=\"checkbox\" name=\"checkbox-inq[]\" value=\"General Inquiry\" \/><span class=\"wpcf7-list-item-label\">General Inquiry<\/span><\/span><span class=\"wpcf7-list-item last\"><input type=\"checkbox\" name=\"checkbox-inq[]\" value=\"Other\" \/><span class=\"wpcf7-list-item-label\">Other<\/span><\/span><\/span><\/span>\n\t\t\t<\/p>\n\t\t<\/td>\n\t<\/tr>\n\t<tr>\n\t\t<th>\n\t\t\t<p><span class=\"CF7_req\"> Required <\/span> Services of Interest\n\t\t\t<\/p>\n\t\t<\/th>\n\t\t<td>\n\t\t\t<p><span class=\"wpcf7-form-control-wrap\" data-name=\"checkbox-inq2\"><span class=\"wpcf7-form-control wpcf7-checkbox wpcf7-validates-as-required\"><span class=\"wpcf7-list-item first\"><input type=\"checkbox\" name=\"checkbox-inq2[]\" value=\"Instagram: Account Management\" \/><span class=\"wpcf7-list-item-label\">Instagram: Account Management<\/span><\/span><span class=\"wpcf7-list-item\"><input type=\"checkbox\" name=\"checkbox-inq2[]\" value=\"Xiaohongshu (RED): Influencer Marketing\" \/><span class=\"wpcf7-list-item-label\">Xiaohongshu (RED): Influencer Marketing<\/span><\/span><span class=\"wpcf7-list-item\"><input type=\"checkbox\" name=\"checkbox-inq2[]\" value=\"Xiaohongshu (RED): Account Management\" \/><span class=\"wpcf7-list-item-label\">Xiaohongshu (RED): Account Management<\/span><\/span><span class=\"wpcf7-list-item last\"><input type=\"checkbox\" name=\"checkbox-inq2[]\" value=\"Photography &amp; Videography Services\" \/><span class=\"wpcf7-list-item-label\">Photography &amp; Videography Services<\/span><\/span><\/span><\/span>\n\t\t\t<\/p>\n\t\t<\/td>\n\t<\/tr>\n\t<tr>\n\t\t<th>\n\t\t\t<p><span class=\"CF7_req\">Required<\/span>Full Name\n\t\t\t<\/p>\n\t\t<\/th>\n\t\t<td>\n\t\t\t<p><span class=\"wpcf7-form-control-wrap\" data-name=\"your-name\"><input size=\"40\" maxlength=\"400\" class=\"wpcf7-form-control wpcf7-text wpcf7-validates-as-required\" aria-required=\"true\" aria-invalid=\"false\" placeholder=\"\" value=\"\" type=\"text\" name=\"your-name\" \/><\/span>\n\t\t\t<\/p>\n\t\t<\/td>\n\t<\/tr>\n\t<tr>\n\t\t<th>\n\t\t\t<p><span class=\"CF7_unreq\"> Optional<\/span>Company Name\n\t\t\t<\/p>\n\t\t<\/th>\n\t\t<td>\n\t\t\t<p><span class=\"wpcf7-form-control-wrap\" data-name=\"your-company\"><input size=\"40\" maxlength=\"400\" class=\"wpcf7-form-control wpcf7-text\" aria-invalid=\"false\" placeholder=\"e.g., ABC Corporation\" value=\"\" type=\"text\" name=\"your-company\" \/><\/span>\n\t\t\t<\/p>\n\t\t<\/td>\n\t<\/tr>\n\t<tr>\n\t\t<th>\n\t\t\t<p><span class=\"CF7_unreq\"> Optional<\/span>Job Title\n\t\t\t<\/p>\n\t\t<\/th>\n\t\t<td>\n\t\t\t<p><span class=\"wpcf7-form-control-wrap\" data-name=\"menu\"><select class=\"wpcf7-form-control wpcf7-select\" aria-invalid=\"false\" name=\"menu\"><option value=\"Select your title\">Select your title<\/option><option value=\"Owner\/Executive\">Owner\/Executive<\/option><option value=\"Department Head\">Department Head<\/option><option value=\"Manager\">Manager<\/option><option value=\"Team Leader\">Team Leader<\/option><option value=\"Staff\">Staff<\/option><option value=\"Other\">Other<\/option><\/select><\/span>\n\t\t\t<\/p>\n\t\t<\/td>\n\t<\/tr>\n\t<tr>\n\t\t<th>\n\t\t\t<p><span class=\"CF7_req\">Required<\/span>Email Address\n\t\t\t<\/p>\n\t\t<\/th>\n\t\t<td>\n\t\t\t<p><span class=\"wpcf7-form-control-wrap\" data-name=\"your-email\"><input size=\"40\" maxlength=\"400\" class=\"wpcf7-form-control wpcf7-email wpcf7-validates-as-required wpcf7-text wpcf7-validates-as-email\" aria-required=\"true\" aria-invalid=\"false\" placeholder=\"e.g., \u00d7\u00d7\u00d7@xxx.com\" value=\"\" type=\"email\" name=\"your-email\" \/><\/span>\n\t\t\t<\/p>\n\t\t<\/td>\n\t<\/tr>\n\t<tr>\n\t\t<th>\n\t\t\t<p><span class=\"CF7_req\"> Required <\/span> Phone Number\n\t\t\t<\/p>\n\t\t<\/th>\n\t\t<td>\n\t\t\t<p><span class=\"wpcf7-form-control-wrap\" data-name=\"your-tel\"><input size=\"40\" maxlength=\"400\" class=\"wpcf7-form-control wpcf7-text wpcf7-validates-as-required\" aria-required=\"true\" aria-invalid=\"false\" placeholder=\"e.g., +44 1234 567890\" value=\"\" type=\"text\" name=\"your-tel\" \/><\/span>\n\t\t\t<\/p>\n\t\t<\/td>\n\t<\/tr>\n\t<tr>\n\t\t<th>\n\t\t\t<p><span class=\"CF7_req\"> Required <\/span>State \/ Prefecture\n\t\t\t<\/p>\n\t\t<\/th>\n\t\t<td>\n\t\t\t<p><span class=\"wpcf7-form-control-wrap\" data-name=\"pref\"><input size=\"40\" maxlength=\"400\" class=\"wpcf7-form-control wpcf7-text wpcf7-validates-as-required\" id=\"pref\" aria-required=\"true\" aria-invalid=\"false\" placeholder=\"e.g., Tokyo\/London\" value=\"\" type=\"text\" name=\"pref\" \/><\/span>\n\t\t\t<\/p>\n\t\t<\/td>\n\t<\/tr>\n\t<tr>\n\t\t<th>\n\t\t\t<p><span class=\"CF7_req\"> Required <\/span> Message\n\t\t\t<\/p>\n\t\t<\/th>\n\t\t<td class=\"message-100\">\n\t\t\t<p><span class=\"wpcf7-form-control-wrap\" data-name=\"your-message\"><textarea cols=\"40\" rows=\"10\" maxlength=\"2000\" class=\"wpcf7-form-control wpcf7-textarea wpcf7-validates-as-required\" aria-required=\"true\" aria-invalid=\"false\" placeholder=\"Please enter your message here.\" name=\"your-message\"><\/textarea><\/span>\n\t\t\t<\/p>\n\t\t<\/td>\n\t<\/tr>\n<\/table>\n<p class=\"CF7_btn\"><input class=\"wpcf7-form-control wpcf7-submit has-spinner\" type=\"submit\" value=\"Submit\" \/>\n<\/p><div class=\"wpcf7-response-output\" aria-hidden=\"true\"><\/div>\n<\/form>\n<\/div>\n<\/div>\n\n\n\n<p><\/p>\n","protected":false},"excerpt":{"rendered":"","protected":false},"author":1,"featured_media":0,"parent":0,"menu_order":0,"comment_status":"closed","ping_status":"closed","template":"","meta":{"footnotes":""},"class_list":["post-874","page","type-page","status-publish","hentry"],"_links":{"self":[{"href":"https:\/\/takpa-en.com\/us\/index.php?rest_route=\/wp\/v2\/pages\/874","targetHints":{"allow":["GET"]}}],"collection":[{"href":"https:\/\/takpa-en.com\/us\/index.php?rest_route=\/wp\/v2\/pages"}],"about":[{"href":"https:\/\/takpa-en.com\/us\/index.php?rest_route=\/wp\/v2\/types\/page"}],"author":[{"embeddable":true,"href":"https:\/\/takpa-en.com\/us\/index.php?rest_route=\/wp\/v2\/users\/1"}],"replies":[{"embeddable":true,"href":"https:\/\/takpa-en.com\/us\/index.php?rest_route=%2Fwp%2Fv2%2Fcomments&post=874"}],"version-history":[{"count":1,"href":"https:\/\/takpa-en.com\/us\/index.php?rest_route=\/wp\/v2\/pages\/874\/revisions"}],"predecessor-version":[{"id":875,"href":"https:\/\/takpa-en.com\/us\/index.php?rest_route=\/wp\/v2\/pages\/874\/revisions\/875"}],"wp:attachment":[{"href":"https:\/\/takpa-en.com\/us\/index.php?rest_route=%2Fwp%2Fv2%2Fmedia&parent=874"}],"curies":[{"name":"wp","href":"https:\/\/api.w.org\/{rel}","templated":true}]}}